{"id":360,"date":"2022-12-30T10:50:20","date_gmt":"2022-12-30T09:50:20","guid":{"rendered":"https:\/\/orceplusz.com\/?page_id=360"},"modified":"2024-05-16T09:54:13","modified_gmt":"2024-05-16T07:54:13","slug":"el-proyecto","status":"publish","type":"page","link":"https:\/\/orceplusz.com\/en\/el-proyecto\/","title":{"rendered":"The Project"},"content":{"rendered":"<div data-elementor-type=\"wp-page\" data-elementor-id=\"360\" class=\"elementor elementor-360\" data-elementor-post-type=\"page\">\n\t\t\t\t\t\t<section class=\"elementor-section elementor-top-section elementor-element elementor-element-da992f8 elementor-section-boxed elementor-section-height-default elementor-section-height-default\" data-id=\"da992f8\" data-element_type=\"section\">\n\t\t\t\t\t\t<div class=\"elementor-container elementor-column-gap-default\">\n\t\t\t\t\t<div class=\"elementor-column elementor-col-66 elementor-top-column elementor-element elementor-element-e796070\" data-id=\"e796070\" data-element_type=\"column\">\n\t\t\t<div class=\"elementor-widget-wrap elementor-element-populated\">\n\t\t\t\t\t\t<div class=\"elementor-element elementor-element-8dc3514 elementor-widget elementor-widget-heading\" data-id=\"8dc3514\" data-element_type=\"widget\" data-widget_type=\"heading.default\">\n\t\t\t\t<div class=\"elementor-widget-container\">\n\t\t\t\t\t<h2 class=\"elementor-heading-title elementor-size-default\">The Project<\/h2>\t\t\t\t<\/div>\n\t\t\t\t<\/div>\n\t\t\t\t<div class=\"elementor-element elementor-element-49b90f5 elementor-widget elementor-widget-text-editor\" data-id=\"49b90f5\" data-element_type=\"widget\" data-widget_type=\"text-editor.default\">\n\t\t\t\t<div class=\"elementor-widget-container\">\n\t\t\t\t\t\t\t\t\t<p>The Guadix-Baza Basin (CGB) boasts one of the best Pleistocene archaeological and palaeontological records for understanding early human settlement and its ecological context in the westernmost part of Eurasia. Among these, the sites of Barranco Le\u00f3n (BL) and Fuente Nueva 3 (FN3), located in the so-called \u201cCuenca de Orce\u201d Archaeological Zone (Granada), stand out. These have been the focus of this research team's work in recent decades. Alongside these, other less studied sites, such as Solana del Zamborino (SZ), are fundamental to understanding the emergence of certain technologies, such as the use and control of fire. Despite the scientific advances made during this time in many areas, much research remains to be done: 1) how the sites were formed at the micro level; 2) what the vegetation was like and how it evolved in the CGB; 3) what were the ecological thresholds for human presence; 4) what were the specific biotic agents that acted on the faunal assemblages; 5) what is the chronology of SZ and what are the sociocultural implications of the technological changes that can be documented there.<\/p><p>To address these research challenges, we present an international and interdisciplinary scientific team with extensive experience working in the CGB and\/or on topics directly related to the objectives presented in this application. This group combines experience and youth, as well as collaborative work and justified additions.<\/p><p>From a methodological point of view, it should be noted that techniques rarely used before in archaeological-palaeontological sites in the CGB will be employed, including those from micromorphology to reduce the scale of observation and unravel apparently invisible natural and anthropic phenomena, those specific to palynology to interpret vegetation cover, and virtual taphonomy and artificial intelligence to help reveal which biotic agents were responsible for the modifications observed in the fossil bones.<\/p><p>The ORCEpluSZ Project does not overlook its educational dimension. Apart from the results derived from the pre-doctoral contract awarded, we hope to contribute to training future researchers so that they can continue their professional careers in line with international standards of excellence.<br \/>Finally, we would like to highlight the social impact we aim to give ORCEpluSZ in order to contribute to the economic development and identity of one of the lowest-income regions in Andalusia.<\/p>\t\t\t\t\t\t\t\t<\/div>\n\t\t\t\t<\/div>\n\t\t\t\t\t<\/div>\n\t\t<\/div>\n\t\t\t\t<div class=\"elementor-column elementor-col-33 elementor-top-column elementor-element elementor-element-2666f13\" data-id=\"2666f13\" data-element_type=\"column\">\n\t\t\t<div class=\"elementor-widget-wrap elementor-element-populated\">\n\t\t\t\t\t\t<div class=\"elementor-element elementor-element-603e0df elementor-widget elementor-widget-image\" data-id=\"603e0df\" data-element_type=\"widget\" data-widget_type=\"image.default\">\n\t\t\t\t<div class=\"elementor-widget-container\">\n\t\t\t\t\t\t\t\t\t\t\t\t\t\t\t<img fetchpriority=\"high\" decoding=\"async\" width=\"1024\" height=\"683\" src=\"https:\/\/orceplusz.com\/wp-content\/uploads\/2024\/05\/El-Proyecto-1_Fuente-Nueva-3-1024x683.jpeg\" class=\"attachment-large size-large wp-image-719\" alt=\"\" srcset=\"https:\/\/orceplusz.com\/wp-content\/uploads\/2024\/05\/El-Proyecto-1_Fuente-Nueva-3-1024x683.jpeg 1024w, https:\/\/orceplusz.com\/wp-content\/uploads\/2024\/05\/El-Proyecto-1_Fuente-Nueva-3-300x200.jpeg 300w, https:\/\/orceplusz.com\/wp-content\/uploads\/2024\/05\/El-Proyecto-1_Fuente-Nueva-3-768x512.jpeg 768w, https:\/\/orceplusz.com\/wp-content\/uploads\/2024\/05\/El-Proyecto-1_Fuente-Nueva-3-1536x1024.jpeg 1536w, https:\/\/orceplusz.com\/wp-content\/uploads\/2024\/05\/El-Proyecto-1_Fuente-Nueva-3-2048x1365.jpeg 2048w\" sizes=\"(max-width: 1024px) 100vw, 1024px\" \/>\t\t\t\t\t\t\t\t\t\t\t\t\t\t\t<\/div>\n\t\t\t\t<\/div>\n\t\t\t\t<div class=\"elementor-element elementor-element-e193781 elementor-widget elementor-widget-image\" data-id=\"e193781\" data-element_type=\"widget\" data-widget_type=\"image.default\">\n\t\t\t\t<div class=\"elementor-widget-container\">\n\t\t\t\t\t\t\t\t\t\t\t\t\t\t\t<img decoding=\"async\" width=\"1024\" height=\"683\" src=\"https:\/\/orceplusz.com\/wp-content\/uploads\/2024\/05\/El-Proyecto-2_Venta_Micena-4-1024x683.jpeg\" class=\"attachment-large size-large wp-image-720\" alt=\"\" srcset=\"https:\/\/orceplusz.com\/wp-content\/uploads\/2024\/05\/El-Proyecto-2_Venta_Micena-4-1024x683.jpeg 1024w, https:\/\/orceplusz.com\/wp-content\/uploads\/2024\/05\/El-Proyecto-2_Venta_Micena-4-300x200.jpeg 300w, https:\/\/orceplusz.com\/wp-content\/uploads\/2024\/05\/El-Proyecto-2_Venta_Micena-4-768x512.jpeg 768w, https:\/\/orceplusz.com\/wp-content\/uploads\/2024\/05\/El-Proyecto-2_Venta_Micena-4-1536x1024.jpeg 1536w, https:\/\/orceplusz.com\/wp-content\/uploads\/2024\/05\/El-Proyecto-2_Venta_Micena-4-2048x1365.jpeg 2048w\" sizes=\"(max-width: 1024px) 100vw, 1024px\" \/>\t\t\t\t\t\t\t\t\t\t\t\t\t\t\t<\/div>\n\t\t\t\t<\/div>\n\t\t\t\t<div class=\"elementor-element elementor-element-c1f60e5 elementor-widget elementor-widget-image\" data-id=\"c1f60e5\" data-element_type=\"widget\" data-widget_type=\"image.default\">\n\t\t\t\t<div class=\"elementor-widget-container\">\n\t\t\t\t\t\t\t\t\t\t\t\t\t\t\t<img decoding=\"async\" width=\"1024\" height=\"683\" src=\"https:\/\/orceplusz.com\/wp-content\/uploads\/2024\/05\/El-Proyecto-3_Barranco-Leon-1024x683.jpeg\" class=\"attachment-large size-large wp-image-721\" alt=\"\" srcset=\"https:\/\/orceplusz.com\/wp-content\/uploads\/2024\/05\/El-Proyecto-3_Barranco-Leon-1024x683.jpeg 1024w, https:\/\/orceplusz.com\/wp-content\/uploads\/2024\/05\/El-Proyecto-3_Barranco-Leon-300x200.jpeg 300w, https:\/\/orceplusz.com\/wp-content\/uploads\/2024\/05\/El-Proyecto-3_Barranco-Leon-768x512.jpeg 768w, https:\/\/orceplusz.com\/wp-content\/uploads\/2024\/05\/El-Proyecto-3_Barranco-Leon-1536x1024.jpeg 1536w, https:\/\/orceplusz.com\/wp-content\/uploads\/2024\/05\/El-Proyecto-3_Barranco-Leon-2048x1365.jpeg 2048w\" sizes=\"(max-width: 1024px) 100vw, 1024px\" \/>\t\t\t\t\t\t\t\t\t\t\t\t\t\t\t<\/div>\n\t\t\t\t<\/div>\n\t\t\t\t<div class=\"elementor-element elementor-element-e0702ea elementor-widget elementor-widget-image\" data-id=\"e0702ea\" data-element_type=\"widget\" data-widget_type=\"image.default\">\n\t\t\t\t<div class=\"elementor-widget-container\">\n\t\t\t\t\t\t\t\t\t\t\t\t\t\t\t<img loading=\"lazy\" decoding=\"async\" width=\"1024\" height=\"768\" src=\"https:\/\/orceplusz.com\/wp-content\/uploads\/2024\/05\/El-Proyecto-4_Solana-del-Zamborino-1024x768.jpeg\" class=\"attachment-large size-large wp-image-722\" alt=\"\" srcset=\"https:\/\/orceplusz.com\/wp-content\/uploads\/2024\/05\/El-Proyecto-4_Solana-del-Zamborino-1024x768.jpeg 1024w, https:\/\/orceplusz.com\/wp-content\/uploads\/2024\/05\/El-Proyecto-4_Solana-del-Zamborino-300x225.jpeg 300w, https:\/\/orceplusz.com\/wp-content\/uploads\/2024\/05\/El-Proyecto-4_Solana-del-Zamborino-768x576.jpeg 768w, https:\/\/orceplusz.com\/wp-content\/uploads\/2024\/05\/El-Proyecto-4_Solana-del-Zamborino-1536x1152.jpeg 1536w, https:\/\/orceplusz.com\/wp-content\/uploads\/2024\/05\/El-Proyecto-4_Solana-del-Zamborino.jpeg 2000w\" sizes=\"(max-width: 1024px) 100vw, 1024px\" \/>\t\t\t\t\t\t\t\t\t\t\t\t\t\t\t<\/div>\n\t\t\t\t<\/div>\n\t\t\t\t\t<\/div>\n\t\t<\/div>\n\t\t\t\t\t<\/div>\n\t\t<\/section>\n\t\t\t\t<\/div>","protected":false},"excerpt":{"rendered":"<p>La cuenca de Guadix-Baza (CGB) atesora uno de los mejores registros arqueo-paleontol\u00f3gicos pleistocenos para comprender el primer poblamiento humano y el contexto ecol\u00f3gico del mismo en la parte m\u00e1s occidental de Eurasia. Entre aquellos, destacan los yacimientos de Barranco Le\u00f3n (BL) y Fuente Nueva 3 (FN3), situados en la denominada Zona Arqueol\u00f3gica \u2018Cuenca de Orce\u2019 &hellip;<\/p>\n<p class=\"read-more\"> <a class=\"\" href=\"https:\/\/orceplusz.com\/en\/el-proyecto\/\"> <span class=\"screen-reader-text\">The Project<\/span> Read More &raquo;<\/a><\/p>","protected":false},"author":1,"featured_media":0,"parent":0,"menu_order":0,"comment_status":"closed","ping_status":"closed","template":"","meta":{"site-sidebar-layout":"no-sidebar","site-content-layout":"page-builder","ast-global-header-display":"","ast-main-header-display":"","ast-hfb-above-header-display":"","ast-hfb-below-header-display":"","ast-hfb-mobile-header-display":"","site-post-title":"disabled","ast-breadcrumbs-content":"","ast-featured-img":"disabled","footer-sml-layout":"","theme-transparent-header-meta":"","adv-header-id-meta":"","stick-header-meta":"","header-above-stick-meta":"","header-main-stick-meta":"","header-below-stick-meta":"","footnotes":""},"class_list":["post-360","page","type-page","status-publish","hentry"],"_links":{"self":[{"href":"https:\/\/orceplusz.com\/en\/wp-json\/wp\/v2\/pages\/360","targetHints":{"allow":["GET"]}}],"collection":[{"href":"https:\/\/orceplusz.com\/en\/wp-json\/wp\/v2\/pages"}],"about":[{"href":"https:\/\/orceplusz.com\/en\/wp-json\/wp\/v2\/types\/page"}],"author":[{"embeddable":true,"href":"https:\/\/orceplusz.com\/en\/wp-json\/wp\/v2\/users\/1"}],"replies":[{"embeddable":true,"href":"https:\/\/orceplusz.com\/en\/wp-json\/wp\/v2\/comments?post=360"}],"version-history":[{"count":25,"href":"https:\/\/orceplusz.com\/en\/wp-json\/wp\/v2\/pages\/360\/revisions"}],"predecessor-version":[{"id":725,"href":"https:\/\/orceplusz.com\/en\/wp-json\/wp\/v2\/pages\/360\/revisions\/725"}],"wp:attachment":[{"href":"https:\/\/orceplusz.com\/en\/wp-json\/wp\/v2\/media?parent=360"}],"curies":[{"name":"wp","href":"https:\/\/api.w.org\/{rel}","templated":true}]}}