{"id":373,"date":"2022-12-30T11:06:28","date_gmt":"2022-12-30T10:06:28","guid":{"rendered":"https:\/\/orceplusz.com\/?page_id=373"},"modified":"2024-05-16T09:56:44","modified_gmt":"2024-05-16T07:56:44","slug":"objetivos","status":"publish","type":"page","link":"https:\/\/orceplusz.com\/en\/objetivos\/","title":{"rendered":"Objectives"},"content":{"rendered":"<div data-elementor-type=\"wp-page\" data-elementor-id=\"373\" class=\"elementor elementor-373\" data-elementor-post-type=\"page\">\n\t\t\t\t\t\t<section class=\"elementor-section elementor-top-section elementor-element elementor-element-bab982c elementor-section-boxed elementor-section-height-default elementor-section-height-default\" data-id=\"bab982c\" data-element_type=\"section\">\n\t\t\t\t\t\t<div class=\"elementor-container elementor-column-gap-default\">\n\t\t\t\t\t<div class=\"elementor-column elementor-col-66 elementor-top-column elementor-element elementor-element-e49a460\" data-id=\"e49a460\" data-element_type=\"column\">\n\t\t\t<div class=\"elementor-widget-wrap elementor-element-populated\">\n\t\t\t\t\t\t<div class=\"elementor-element elementor-element-99b7318 elementor-widget elementor-widget-heading\" data-id=\"99b7318\" data-element_type=\"widget\" data-widget_type=\"heading.default\">\n\t\t\t\t<div class=\"elementor-widget-container\">\n\t\t\t\t\t<h2 class=\"elementor-heading-title elementor-size-default\">Objectives<\/h2>\t\t\t\t<\/div>\n\t\t\t\t<\/div>\n\t\t\t\t<div class=\"elementor-element elementor-element-721dec1 elementor-widget elementor-widget-text-editor\" data-id=\"721dec1\" data-element_type=\"widget\" data-widget_type=\"text-editor.default\">\n\t\t\t\t<div class=\"elementor-widget-container\">\n\t\t\t\t\t\t\t\t\t<p><strong><b>General Objectives (GO) and Specific Objectives (SO)<\/b><\/strong><\/p><p>The overall objective is <strong><em><b><i>to contribute to knowledge about human settlement in the Guadix-Baza basin, its evolution and its ecological contexts during the Pleistocene<\/i><\/b><\/em><\/strong>. To this end, five general objectives and 16 specific objectives to be developed during the course of this project are described.<\/p>\t\t\t\t\t\t\t\t<\/div>\n\t\t\t\t<\/div>\n\t\t\t\t<div class=\"elementor-element elementor-element-f60e60d elementor-widget elementor-widget-accordion\" data-id=\"f60e60d\" data-element_type=\"widget\" data-widget_type=\"accordion.default\">\n\t\t\t\t<div class=\"elementor-widget-container\">\n\t\t\t\t\t\t\t<div class=\"elementor-accordion\">\n\t\t\t\t\t\t\t<div class=\"elementor-accordion-item\">\n\t\t\t\t\t<div id=\"elementor-tab-title-2581\" class=\"elementor-tab-title\" data-tab=\"1\" role=\"button\" aria-controls=\"elementor-tab-content-2581\" aria-expanded=\"false\">\n\t\t\t\t\t\t\t\t\t\t\t\t\t<span class=\"elementor-accordion-icon elementor-accordion-icon-left\" aria-hidden=\"true\">\n\t\t\t\t\t\t\t\t\t\t\t\t\t\t\t<span class=\"elementor-accordion-icon-closed\"><i class=\"fas fa-plus\"><\/i><\/span>\n\t\t\t\t\t\t\t\t<span class=\"elementor-accordion-icon-opened\"><i class=\"fas fa-minus\"><\/i><\/span>\n\t\t\t\t\t\t\t\t\t\t\t\t\t\t<\/span>\n\t\t\t\t\t\t\t\t\t\t\t\t<a class=\"elementor-accordion-title\" tabindex=\"0\">OG1. Unravel, at the microfacies level, the environmental and biotic factors that determined the formation of the different deposits, as well as the post-depositional factors that have altered the original deposits.<\/a>\n\t\t\t\t\t<\/div>\n\t\t\t\t\t<div id=\"elementor-tab-content-2581\" class=\"elementor-tab-content elementor-clearfix\" data-tab=\"1\" role=\"region\" aria-labelledby=\"elementor-tab-title-2581\"><p><strong><em><b><i>OE1.1<\/i><\/b><\/em><\/strong>. Study and interpret the diachronic sequence of the VM, FN3, BL and SZ deposits at the micro scale by analyzing unaltered, oriented and disaggregated samples.<\/p><p><strong><em><b><i>OE1.2<\/i><\/b><\/em><\/strong>. Interpret the conditions of formation of the different levels and sublevels by analysing the variations in the values of the <em><i>d<\/i><\/em><em><i>\u00a0<\/i><\/em><sup>13<\/sup>C y <em><i>d<\/i><\/em><em><i>\u00a0<\/i><\/em><sup>18<\/sup>O in pedogenic carbonates and ostracods and molluscs of the FN3 and SZ microfacies<\/p><p><strong><em><b><i>OE1.3<\/i><\/b><\/em><\/strong>. Integrate the results of micromorphology, palynology and isotope geochemistry.<\/p><\/div>\n\t\t\t\t<\/div>\n\t\t\t\t\t\t\t<div class=\"elementor-accordion-item\">\n\t\t\t\t\t<div id=\"elementor-tab-title-2582\" class=\"elementor-tab-title\" data-tab=\"2\" role=\"button\" aria-controls=\"elementor-tab-content-2582\" aria-expanded=\"false\">\n\t\t\t\t\t\t\t\t\t\t\t\t\t<span class=\"elementor-accordion-icon elementor-accordion-icon-left\" aria-hidden=\"true\">\n\t\t\t\t\t\t\t\t\t\t\t\t\t\t\t<span class=\"elementor-accordion-icon-closed\"><i class=\"fas fa-plus\"><\/i><\/span>\n\t\t\t\t\t\t\t\t<span class=\"elementor-accordion-icon-opened\"><i class=\"fas fa-minus\"><\/i><\/span>\n\t\t\t\t\t\t\t\t\t\t\t\t\t\t<\/span>\n\t\t\t\t\t\t\t\t\t\t\t\t<a class=\"elementor-accordion-title\" tabindex=\"0\">GC2. Establish a framework of palaeoecological evolution from the time before the arrival of hominins in the Guadix-Baza basin up to the Middle Pleistocene.<\/a>\n\t\t\t\t\t<\/div>\n\t\t\t\t\t<div id=\"elementor-tab-content-2582\" class=\"elementor-tab-content elementor-clearfix\" data-tab=\"2\" role=\"region\" aria-labelledby=\"elementor-tab-title-2582\"><p><strong><em><b><i>OE2.2<\/i><\/b><\/em><\/strong>. Reconstruct the vegetation cover from the palynomorphs contained in the sediments of the archaeological sites of the Guadix-Baza basin included in this application.<\/p><p><strong><em><b><i>OE2.3<\/i><\/b><\/em><\/strong>. To establish taxonomic, palaeoecological and economic inferences from the coals recovered, especially at Solana del Zamborino.<\/p><p><strong><em><b><i>OE2.4<\/i><\/b><\/em><\/strong>. Make retrodictions of herbivore diet and palaeoecological context from herbivore enamel samples for stable isotopes.<\/p><p><strong><em><b><i>OE2.5<\/i><\/b><\/em><\/strong>. To taxonomically and anatomically assign the faunal evidences kept in the Provincial Archaeological Museum of Granada and those exhumed in the excavation campaigns.<\/p><p><strong><em><b><i>OE2.6<\/i><\/b><\/em><\/strong>. To estimate regional climatic parameters from characters such as choroporal mass and dental mesowear of macromammals.<\/p><p><strong><em><b><i>OE2<\/i><\/b><\/em><\/strong>.<strong><em><b><i>7<\/i><\/b><\/em><\/strong>. Estimate local climatic parameters from microvertebrate associations (micromammals and herpetofauna).<\/p><\/div>\n\t\t\t\t<\/div>\n\t\t\t\t\t\t\t<div class=\"elementor-accordion-item\">\n\t\t\t\t\t<div id=\"elementor-tab-title-2583\" class=\"elementor-tab-title\" data-tab=\"3\" role=\"button\" aria-controls=\"elementor-tab-content-2583\" aria-expanded=\"false\">\n\t\t\t\t\t\t\t\t\t\t\t\t\t<span class=\"elementor-accordion-icon elementor-accordion-icon-left\" aria-hidden=\"true\">\n\t\t\t\t\t\t\t\t\t\t\t\t\t\t\t<span class=\"elementor-accordion-icon-closed\"><i class=\"fas fa-plus\"><\/i><\/span>\n\t\t\t\t\t\t\t\t<span class=\"elementor-accordion-icon-opened\"><i class=\"fas fa-minus\"><\/i><\/span>\n\t\t\t\t\t\t\t\t\t\t\t\t\t\t<\/span>\n\t\t\t\t\t\t\t\t\t\t\t\t<a class=\"elementor-accordion-title\" tabindex=\"0\">OG3. To reveal the biotic agents that acted at each of the levels, and even microfacies where possible, of the VM, BL, FN3 and SZ sites.<\/a>\n\t\t\t\t\t<\/div>\n\t\t\t\t\t<div id=\"elementor-tab-content-2583\" class=\"elementor-tab-content elementor-clearfix\" data-tab=\"3\" role=\"region\" aria-labelledby=\"elementor-tab-title-2583\"><p><strong><em><b><i>OE3.1<\/i><\/b><\/em><\/strong>. To study the modifications produced on the osteodontic material using traditional techniques.<\/p><p><strong><em><b><i>OE3.2<\/i><\/b><\/em><\/strong>. To study the modifications produced on the osteodontic material using virtual reality and artificial intelligence.<\/p><\/div>\n\t\t\t\t<\/div>\n\t\t\t\t\t\t\t<div class=\"elementor-accordion-item\">\n\t\t\t\t\t<div id=\"elementor-tab-title-2584\" class=\"elementor-tab-title\" data-tab=\"4\" role=\"button\" aria-controls=\"elementor-tab-content-2584\" aria-expanded=\"false\">\n\t\t\t\t\t\t\t\t\t\t\t\t\t<span class=\"elementor-accordion-icon elementor-accordion-icon-left\" aria-hidden=\"true\">\n\t\t\t\t\t\t\t\t\t\t\t\t\t\t\t<span class=\"elementor-accordion-icon-closed\"><i class=\"fas fa-plus\"><\/i><\/span>\n\t\t\t\t\t\t\t\t<span class=\"elementor-accordion-icon-opened\"><i class=\"fas fa-minus\"><\/i><\/span>\n\t\t\t\t\t\t\t\t\t\t\t\t\t\t<\/span>\n\t\t\t\t\t\t\t\t\t\t\t\t<a class=\"elementor-accordion-title\" tabindex=\"0\">GC4. To propose the chronological framework for the first human groups that developed technologies such as hierarchical and predetermined centripetal lithic carving and pyrotechnics in the Guadix-Baza basin.<\/a>\n\t\t\t\t\t<\/div>\n\t\t\t\t\t<div id=\"elementor-tab-content-2584\" class=\"elementor-tab-content elementor-clearfix\" data-tab=\"4\" role=\"region\" aria-labelledby=\"elementor-tab-title-2584\"><p><strong><em><b><i>OE4.1<\/i><\/b><\/em><\/strong>. Establish a reliable time span of the different SZ levels by U-Series\/ESR (teeth) and TT-OSL (sediments).<\/p><p><strong><em><b><i>OE4.2<\/i><\/b><\/em><\/strong>. Framing the dating in the regional geological context .<\/p><\/div>\n\t\t\t\t<\/div>\n\t\t\t\t\t\t\t<div class=\"elementor-accordion-item\">\n\t\t\t\t\t<div id=\"elementor-tab-title-2585\" class=\"elementor-tab-title\" data-tab=\"5\" role=\"button\" aria-controls=\"elementor-tab-content-2585\" aria-expanded=\"false\">\n\t\t\t\t\t\t\t\t\t\t\t\t\t<span class=\"elementor-accordion-icon elementor-accordion-icon-left\" aria-hidden=\"true\">\n\t\t\t\t\t\t\t\t\t\t\t\t\t\t\t<span class=\"elementor-accordion-icon-closed\"><i class=\"fas fa-plus\"><\/i><\/span>\n\t\t\t\t\t\t\t\t<span class=\"elementor-accordion-icon-opened\"><i class=\"fas fa-minus\"><\/i><\/span>\n\t\t\t\t\t\t\t\t\t\t\t\t\t\t<\/span>\n\t\t\t\t\t\t\t\t\t\t\t\t<a class=\"elementor-accordion-title\" tabindex=\"0\">GC5. Unravel the technological, social and ecological aspects related to carvable rocks.<\/a>\n\t\t\t\t\t<\/div>\n\t\t\t\t\t<div id=\"elementor-tab-content-2585\" class=\"elementor-tab-content elementor-clearfix\" data-tab=\"5\" role=\"region\" aria-labelledby=\"elementor-tab-title-2585\"><p><strong><em><b><i>OE5.1<\/i><\/b><\/em><\/strong>. Characterising raw material sourcing patterns in SZ.<\/p><p><strong><em><b><i>OE5.1<\/i><\/b><\/em><\/strong>. Approaching the patterns of lithic carved lithic production in SZ<\/p><p><strong><em><b><i>OE5.3.<\/i><\/b><\/em><\/strong><strong><b>\u00a0<\/b><\/strong>Interpreting the social and ecological linkages of lithic carving and pyrotechnical technologies in SZ<\/p><\/div>\n\t\t\t\t<\/div>\n\t\t\t\t\t\t\t\t<\/div>\n\t\t\t\t\t\t<\/div>\n\t\t\t\t<\/div>\n\t\t\t\t\t<\/div>\n\t\t<\/div>\n\t\t\t\t<div class=\"elementor-column elementor-col-33 elementor-top-column elementor-element elementor-element-b527bcb\" data-id=\"b527bcb\" data-element_type=\"column\">\n\t\t\t<div class=\"elementor-widget-wrap elementor-element-populated\">\n\t\t\t\t\t\t<div class=\"elementor-element elementor-element-011db18 elementor-widget elementor-widget-image\" data-id=\"011db18\" data-element_type=\"widget\" data-widget_type=\"image.default\">\n\t\t\t\t<div class=\"elementor-widget-container\">\n\t\t\t\t\t\t\t\t\t\t\t\t\t\t\t<img fetchpriority=\"high\" decoding=\"async\" width=\"1022\" height=\"986\" src=\"https:\/\/orceplusz.com\/wp-content\/uploads\/2022\/12\/IMG-20220919-WA0007.png\" class=\"attachment-full size-full wp-image-384\" alt=\"\" srcset=\"https:\/\/orceplusz.com\/wp-content\/uploads\/2022\/12\/IMG-20220919-WA0007.png 1022w, https:\/\/orceplusz.com\/wp-content\/uploads\/2022\/12\/IMG-20220919-WA0007-300x289.png 300w, https:\/\/orceplusz.com\/wp-content\/uploads\/2022\/12\/IMG-20220919-WA0007-768x741.png 768w\" sizes=\"(max-width: 1022px) 100vw, 1022px\" \/>\t\t\t\t\t\t\t\t\t\t\t\t\t\t\t<\/div>\n\t\t\t\t<\/div>\n\t\t\t\t<div class=\"elementor-element elementor-element-318dc34 elementor-widget elementor-widget-image\" data-id=\"318dc34\" data-element_type=\"widget\" data-widget_type=\"image.default\">\n\t\t\t\t<div class=\"elementor-widget-container\">\n\t\t\t\t\t\t\t\t\t\t\t\t\t\t\t<img decoding=\"async\" width=\"2560\" height=\"1707\" src=\"https:\/\/orceplusz.com\/wp-content\/uploads\/2024\/05\/Objetivos-1_Trabajos-en-Barranco-Leon-scaled.jpeg\" class=\"attachment-full size-full wp-image-726\" alt=\"\" srcset=\"https:\/\/orceplusz.com\/wp-content\/uploads\/2024\/05\/Objetivos-1_Trabajos-en-Barranco-Leon-scaled.jpeg 2560w, https:\/\/orceplusz.com\/wp-content\/uploads\/2024\/05\/Objetivos-1_Trabajos-en-Barranco-Leon-300x200.jpeg 300w, https:\/\/orceplusz.com\/wp-content\/uploads\/2024\/05\/Objetivos-1_Trabajos-en-Barranco-Leon-1024x683.jpeg 1024w, https:\/\/orceplusz.com\/wp-content\/uploads\/2024\/05\/Objetivos-1_Trabajos-en-Barranco-Leon-768x512.jpeg 768w, https:\/\/orceplusz.com\/wp-content\/uploads\/2024\/05\/Objetivos-1_Trabajos-en-Barranco-Leon-1536x1024.jpeg 1536w, https:\/\/orceplusz.com\/wp-content\/uploads\/2024\/05\/Objetivos-1_Trabajos-en-Barranco-Leon-2048x1365.jpeg 2048w\" sizes=\"(max-width: 2560px) 100vw, 2560px\" \/>\t\t\t\t\t\t\t\t\t\t\t\t\t\t\t<\/div>\n\t\t\t\t<\/div>\n\t\t\t\t<div class=\"elementor-element elementor-element-14bcee3 elementor-widget elementor-widget-image\" data-id=\"14bcee3\" data-element_type=\"widget\" data-widget_type=\"image.default\">\n\t\t\t\t<div class=\"elementor-widget-container\">\n\t\t\t\t\t\t\t\t\t\t\t\t\t\t\t<img decoding=\"async\" width=\"2560\" height=\"1707\" src=\"https:\/\/orceplusz.com\/wp-content\/uploads\/2024\/05\/Objetivos-2_Lavado-sedimento-scaled.jpeg\" class=\"attachment-full size-full wp-image-727\" alt=\"\" srcset=\"https:\/\/orceplusz.com\/wp-content\/uploads\/2024\/05\/Objetivos-2_Lavado-sedimento-scaled.jpeg 2560w, https:\/\/orceplusz.com\/wp-content\/uploads\/2024\/05\/Objetivos-2_Lavado-sedimento-300x200.jpeg 300w, https:\/\/orceplusz.com\/wp-content\/uploads\/2024\/05\/Objetivos-2_Lavado-sedimento-1024x683.jpeg 1024w, https:\/\/orceplusz.com\/wp-content\/uploads\/2024\/05\/Objetivos-2_Lavado-sedimento-768x512.jpeg 768w, https:\/\/orceplusz.com\/wp-content\/uploads\/2024\/05\/Objetivos-2_Lavado-sedimento-1536x1024.jpeg 1536w, https:\/\/orceplusz.com\/wp-content\/uploads\/2024\/05\/Objetivos-2_Lavado-sedimento-2048x1365.jpeg 2048w\" sizes=\"(max-width: 2560px) 100vw, 2560px\" \/>\t\t\t\t\t\t\t\t\t\t\t\t\t\t\t<\/div>\n\t\t\t\t<\/div>\n\t\t\t\t<div class=\"elementor-element elementor-element-4836418 elementor-widget elementor-widget-image\" data-id=\"4836418\" data-element_type=\"widget\" data-widget_type=\"image.default\">\n\t\t\t\t<div class=\"elementor-widget-container\">\n\t\t\t\t\t\t\t\t\t\t\t\t\t\t\t<img loading=\"lazy\" decoding=\"async\" width=\"2560\" height=\"1707\" src=\"https:\/\/orceplusz.com\/wp-content\/uploads\/2024\/05\/Objetivos-3-scaled.jpeg\" class=\"attachment-full size-full wp-image-728\" alt=\"\" srcset=\"https:\/\/orceplusz.com\/wp-content\/uploads\/2024\/05\/Objetivos-3-scaled.jpeg 2560w, https:\/\/orceplusz.com\/wp-content\/uploads\/2024\/05\/Objetivos-3-300x200.jpeg 300w, https:\/\/orceplusz.com\/wp-content\/uploads\/2024\/05\/Objetivos-3-1024x683.jpeg 1024w, https:\/\/orceplusz.com\/wp-content\/uploads\/2024\/05\/Objetivos-3-768x512.jpeg 768w, https:\/\/orceplusz.com\/wp-content\/uploads\/2024\/05\/Objetivos-3-1536x1024.jpeg 1536w, https:\/\/orceplusz.com\/wp-content\/uploads\/2024\/05\/Objetivos-3-2048x1365.jpeg 2048w\" sizes=\"(max-width: 2560px) 100vw, 2560px\" \/>\t\t\t\t\t\t\t\t\t\t\t\t\t\t\t<\/div>\n\t\t\t\t<\/div>\n\t\t\t\t\t<\/div>\n\t\t<\/div>\n\t\t\t\t\t<\/div>\n\t\t<\/section>\n\t\t\t\t<\/div>","protected":false},"excerpt":{"rendered":"<p>Objetivos Generales (OG) y Espec\u00edficos (OE) Como objetivo marco se pretende contribuir al conocimiento sobre el poblamiento humano en la cuenca de Guadix-Baza, su evoluci\u00f3n y sus contextos ecol\u00f3gicos durante el Pleistoceno. Para ello, se describen, cinco objetivos generales y 16 espec\u00edficos a desarrollar durante la vigencia de este proyecto. OG1. Desentra\u00f1ar en el nivel &hellip;<\/p>\n<p class=\"read-more\"> <a class=\"\" href=\"https:\/\/orceplusz.com\/en\/objetivos\/\"> <span class=\"screen-reader-text\">Objectives<\/span> Read More &raquo;<\/a><\/p>","protected":false},"author":1,"featured_media":0,"parent":0,"menu_order":0,"comment_status":"closed","ping_status":"closed","template":"","meta":{"site-sidebar-layout":"no-sidebar","site-content-layout":"page-builder","ast-global-header-display":"","ast-main-header-display":"","ast-hfb-above-header-display":"","ast-hfb-below-header-display":"","ast-hfb-mobile-header-display":"","site-post-title":"disabled","ast-breadcrumbs-content":"","ast-featured-img":"disabled","footer-sml-layout":"","theme-transparent-header-meta":"","adv-header-id-meta":"","stick-header-meta":"","header-above-stick-meta":"","header-main-stick-meta":"","header-below-stick-meta":"","footnotes":""},"class_list":["post-373","page","type-page","status-publish","hentry"],"_links":{"self":[{"href":"https:\/\/orceplusz.com\/en\/wp-json\/wp\/v2\/pages\/373","targetHints":{"allow":["GET"]}}],"collection":[{"href":"https:\/\/orceplusz.com\/en\/wp-json\/wp\/v2\/pages"}],"about":[{"href":"https:\/\/orceplusz.com\/en\/wp-json\/wp\/v2\/types\/page"}],"author":[{"embeddable":true,"href":"https:\/\/orceplusz.com\/en\/wp-json\/wp\/v2\/users\/1"}],"replies":[{"embeddable":true,"href":"https:\/\/orceplusz.com\/en\/wp-json\/wp\/v2\/comments?post=373"}],"version-history":[{"count":37,"href":"https:\/\/orceplusz.com\/en\/wp-json\/wp\/v2\/pages\/373\/revisions"}],"predecessor-version":[{"id":731,"href":"https:\/\/orceplusz.com\/en\/wp-json\/wp\/v2\/pages\/373\/revisions\/731"}],"wp:attachment":[{"href":"https:\/\/orceplusz.com\/en\/wp-json\/wp\/v2\/media?parent=373"}],"curies":[{"name":"wp","href":"https:\/\/api.w.org\/{rel}","templated":true}]}}