{"id":416,"date":"2022-12-30T12:46:25","date_gmt":"2022-12-30T11:46:25","guid":{"rendered":"https:\/\/orceplusz.com\/?page_id=416"},"modified":"2024-05-16T09:59:30","modified_gmt":"2024-05-16T07:59:30","slug":"publicaciones","status":"publish","type":"page","link":"https:\/\/orceplusz.com\/en\/publicaciones\/","title":{"rendered":"Papers"},"content":{"rendered":"<h4 class=\"wp-block-heading\"><strong>Publications by the research team<\/strong><\/h4>\n\n\n\n<p><\/p>\n\n\n\n<p>Saarinen J, Fortelius M, Bocherens H, Oms O, Agust\u00ed J, Carri\u00f3n J, Ochando J, Blain H-A, DeMiguel D, Solano-Garc\u00eda Jose, Oksanen O, \u017dliobait\u0117 I, Tallavaara M, Yravedra J, Barsky D, Jim\u00e9nez-Arenas JM (2022) \u00abRevisiting the paleoenvironmental reconstruction of the Orce sites and the early Homo habitats in western Europe. A response to Palmqvist et al. (2022)\u00bb. <em>Quaternary Science Reviews<\/em> <strong>297<\/strong>, 107730. <a href=\"https:\/\/doi.org\/10.1016\/j.quascirev.2022.107730\">https:\/\/doi.org\/10.1016\/j.quascirev.2022.107730<\/a><\/p>\n\n\n\n<p><strong>Impact Factor (2021): 4.456. Geoscience, Multidisciplinary: 48\/202 (Q1)<\/strong><\/p>\n\n\n\n<p><\/p>\n\n\n\n<p>Monitoring an archaeological excavation using photogrammetry and digital elevation models (DEMS): the case study of Barranco Le\u00f3n in Orce (Granada, Spain) (2022) Gonz\u00e1lez-Qui\u00f1ones JJ, Reinoso-Gordo JF, Solano-Garc\u00eda JA, C\u00e1mara-Donoso JM, Le\u00f3n-Robles C, Linares-Mat\u00e1s, G., Jim\u00e9nez-Arenas, J.M. <em>SPAL<\/em> <strong>31<\/strong>, 10\u201330. <a href=\"https:\/\/doi.org\/10.12795\/spal.2022.I31.18\">https:\/\/doi.org\/10.12795\/spal.2022.I31.18<\/a><\/p>\n\n\n\n<p><strong>Impact Factor (2021): 0.23. Archaeology: 113\/156 (Q3)<\/strong><\/p>\n\n\n\n<p><\/p>\n\n\n\n<p>Agust\u00ed J, Pi\u00f1ero P, Lozano-Fern\u00e1ndez I, Jim\u00e9nez-Arenas JM (2022) \u00abA new genus and species of arvicolid rodent (Mammalia) from the Early Pleistocene of Spain\u00bb.<em> Comptes Rendus Palevol<\/em> <strong>21<\/strong>, 847-858.&nbsp;<a href=\"https:\/\/doi.org\/10.5852\/cr-palevol2022v21a39.\">https:\/\/doi.org\/10.5852\/cr-palevol2022v21a39.<\/a><\/p>\n\n\n\n<p><strong>Impact Factor (2021): 2.326. Paleontology: 13\/53 (Q1)<\/strong><\/p>\n\n\n\n<p><\/p>\n\n\n\n<p>Ochando J, Carri\u00f3n J, Altolaguirre Y, Munuera M, Amor\u00f3s G, Jim\u00e9nez-Moreno G, Solano-Garc\u00eda J, Barsky D, Luz\u00f3n C, S\u00e1nchez-Bandera C, Serrano-Ramos A, Toro-Moyano I, Saarinen J, Blain H-A, Bocherens H, Oms O, Agust\u00ed J, Fortelius M, Jim\u00e9nez-Arenas JM (2022) \u00abPalynological investigations in the Orce Archaeological Zone, Early Pleistocene of southern Spain\u00bb. <em>Review of Palaeobotany and Palynology<\/em> <strong>304<\/strong>, 10472. <a href=\"https:\/\/doi.org\/10.1016\/j.revpalbo.2022.104725\">https:\/\/doi.org\/10.1016\/j.revpalbo.2022.104725<\/a><\/p>\n\n\n\n<p><strong>Impact Factor (2021): 2.493. Paleontology: 11\/53 (Q1)<\/strong><\/p>\n\n\n\n<p><\/p>\n\n\n\n<p>Yravedra J, Courtenay LA, Herranz\u2011Rodrigo D, Linares\u2011Mat\u00e1s GJ, Rodr\u00edguez\u2011Alba JJ, Estaca-G\u00f3mez V, Luz\u00f3n C, Serrano\u2011Ramos A, Mat\u00e9-Gonz\u00e1lez MA, Solano JA, Gonz\u00e1lez-Aguilera D, Jim\u00e9nez\u2011Arenas JM (2022) \u00abTaphonomic characterisation of tooth marks of extinct Eurasian carnivores through Geometric Morphometric\u00bb. <em>Science Bulletin<\/em> <strong>67<\/strong>, 1644\u20131648 <a href=\"https:\/\/doi.org\/10.1016\/j.scib.2022.07.017\">https:\/\/doi.org\/10.1016\/j.scib.2022.07.017<\/a><\/p>\n\n\n\n<p><strong>Impact Factor (2021): 20.577. Multidisciplinary: 5\/134 (Q1)<\/strong><\/p>\n\n\n\n<p><\/p>\n\n\n\n<p>Yravedra J, Solano JA, Herranz\u2011Rodrigo D, Linares\u2011Mat\u00e1s GJ, Saarinen J, Rodr\u00edguez\u2011Alba JJ, Titton S, Serrano\u2011Ramos A, Courtenay L, Mielgo C, Luz\u00f3n C, C\u00e1mara J, S\u00e1nchez\u2011Bandera C, Montilla E, Toro\u2011Moyano I, Barsky D, Fortelius M, Agust\u00ed J, Blain H-A, Oms O, Jim\u00e9nez\u2011Arenas JM (2022) \u00abUnravelling hominin activities in the zooarchaeological assemblage of Barranco Le\u00f3n (Orce, Granada, Spain)\u00bb. <em>Journal of Paleolithic Archaeology<\/em> 5, 6.<\/p>\n\n\n\n<p><a href=\"https:\/\/doi.org\/10.1007\/s41982-022-00111-1\">https:\/\/doi.org\/10.1007\/s41982-022-00111-1<\/a><\/p>\n\n\n\n<p><strong>Impact Factor (2021): 2.23. Archaeology: 5\/156 (Q1)<\/strong><\/p>\n\n\n\n<p><\/p>\n\n\n\n<p>Mart\u00ednez-Monz\u00f3n A, S\u00e1nchez-Bandera C, Fagoaga A, Oms O, Agust\u00ed J, Barsky D, Solano-Garc\u00eda J, Jim\u00e9nez-Arenas JM, Blain H-A (2022) \u00abAmphibian body size and species richness as a proxy for primary productivity and climate: The Orce wetlands (Early Pleistocene, Guadix-Baza basin, SE Spain)\u00bb. <em>Palaeogeography, Palaeoclimatology, Palaeoecology<\/em> <strong>586<\/strong>, 110752. <a href=\"https:\/\/doi.org\/10.1016\/j.palaeo.2021.110752\">https:\/\/doi.org\/10.1016\/j.palaeo.2021.110752<\/a><\/p>\n\n\n\n<p><strong>Impact Factor (2020): 3.565. Paleontology: 2\/53 (Q1)<\/strong><\/p>\n\n\n\n<p><\/p>\n\n\n\n<p>Yravedra J, Solano JA, Courtenay LA, Saarinen J, Linares-Mat\u00e1s G, Luz\u00f3n C, Serrano-Ramos A, Herranz-Rodrigo D, C\u00e1mara JM, Ruiz A, Titton S, Rodr\u00edguez-Alba JJ, Mielgo C, Blain H-A, Agust\u00ed J, S\u00e1nchez-Bandera C, Montilla E, Toro-Moyano I, Fortelius M, Oms O, Barsky D, Jim\u00e9nez-Arenas JM (2021) \u00abUse of meat resources in the Early Pleistocene assemblages from Fuente Nueva 3 (Orce, Granada, Spain)\u00bb. <em>Archaeological and Anthropological Sciences<\/em> 13, 213. <a href=\"https:\/\/doi.org\/10.1007\/s12520-021-01461-7\">https:\/\/doi.org\/10.1007\/s12520-021-01461-7<\/a><\/p>\n\n\n\n<p><strong>Impact Factor (2020): 3.318. Archaeology: 20\/154 (Q1)<\/strong><\/p>\n\n\n\n<p><\/p>\n\n\n\n<p>Granados A, Oms O, Anad\u00f3n P, Ib\u00e1\u00f1ez-Insa J, Kaakinen A, Jim\u00e9nez-Arenas, JM (2021) \u00abGeochemical and sedimentary constrains on the formation of the Venta Micena Early Pleistocene site (Guadix-Baza Basin, Spain)\u00bb. <em>Scientific Report<\/em>, 11. <a href=\"https:\/\/doi\">https:\/\/doi<\/a>: 10.1038\/s41598-021-01711-7<\/p>\n\n\n\n<p><strong>Impact Factor (2020): 4.380. Multidisciplinary Sciences: 17\/72 (Q1)<\/strong><\/p>\n\n\n\n<p><\/p>\n\n\n\n<p>Saarinen J, Oksanen O, \u017dliobait\u0117 I, Fortelius M, DeMiguel D, Azanza B, Bocherens H, Luz\u00f3n C, Solano-Garc\u00eda J, Yravedra J, Courtenay LA, Blain H-, S\u00e1nchez-Bandera C, Serrano-Ramos A, Rodriguez-Alba JJ, Viranta S, Barsky D, Tallavaara M, Oms O, Agust\u00ed J, Ochando J, Carri\u00f3n JS, Jim\u00e9nez-Arenas, JM (2021) \u00abPliocene to Middle Pleistocene climate history in the Guadix-Baza basin, and the environmental conditions of Early Homo dispersal in Europe\u00bb. <em>Quaternary Science Reviews<\/em>, 268. <a href=\"https:\/\/doi:10.1016\/j.quascirev.2021.107132\">https:\/\/doi:10.1016\/j.quascirev.2021.107132<\/a><\/p>\n\n\n\n<p><strong>Impact Factor (2020): 4.112. Geosciences, Multidisciplinary: 38\/289 (Q1)<\/strong><\/p>\n\n\n\n<p><\/p>\n\n\n\n<p>Luz\u00f3n C, Courtenay LA, Yravedra J, Saarinen J, Blain HA, DeMiguel D, Viranta S, Azanza B, Rodr\u00edguez-Alba JJ, Herranz-Rodrigo D, Solano JA, Oms O, Agust\u00ed J, Fortelius M, Jim\u00e9nez Arenas JM (2021) \u00abTaphonomic and spatial analyses from the Early Pleistocene site of Venta Micena 4 (Orce, Guadix-Baza basin, southern Spain)\u00bb. <em>Scientific Reports<\/em>, 11: 13977. <a href=\"https:\/\/doi.org\/10.1038\/s41598-021-93261-1\">https:\/\/doi.org\/10.1038\/s41598-021-93261-1<\/a><\/p>\n\n\n\n<p><strong>Impact Factor (2020): 4.380. Multidisciplinary Sciences: 17\/72 (Q1)<\/strong><\/p>\n\n\n\n<p><\/p>\n\n\n\n<p>Titton S, Oms O, Barsky D, Bargall\u00f3 A, Serrano-Ramos A, Solano-Garc\u00eda J, S\u00e1nchez-Bandera C, Yravedra J, Blain H-A, Toro-Moyano I, Jim\u00e9nez-Arenas JM, Sala-Ramos R (2021) \u00abOldowan stone knapping and percussive activities on a raw material reservoir deposit 1.4 million years ago at Barranco Le\u00f3n (Orce, Spain)\u00bb. <em>Archaeological and Anthropological Sciences<\/em>, 13: 108. <a href=\"https:\/\/doi.org\/10.1007\/s12520-021-01353-w\">https:\/\/doi.org\/10.1007\/s12520-021-01353-w<\/a><\/p>\n\n\n\n<p><strong>Impact Factor (2020): 3.318. Archaeology: 20\/154 (Q1)<\/strong><\/p>\n\n\n\n<p><\/p>\n\n\n\n<p>Blain H, Fagoaga A, Ruiz-S\u00e1nchez, Garc\u00eda-Medrano P, Oll\u00e9, A, Jim\u00e9nez-Arenas JM (2021) \u00abCoping with arid environments: A critical threshold for human expansion in Europe at the Marine Isotope Stage 12\/11 transition? The case of the Iberian Peninsula\u00bb. <em>Journal of Human Evolution<\/em> 153: 102950. <a href=\"https:\/\/doi.org\/10.1016\/j.jhevol.2021.102950\">https:\/\/doi.org\/10.1016\/j.jhevol.2021.102950<\/a><\/p>\n\n\n\n<p><strong>Impact Factor (2020): 3.895. Anthropology: 4\/93 (Q1)<\/strong><\/p>\n\n\n\n<p><\/p>\n\n\n\n<p>S\u00e1nchez-Bandera C, Oms O, Blain HA, Lozano-F\u00e9rnandez I, Agust\u00ed J, Saarinen J, Fortelius J, Titton S, Serrano-Ramos A, Garc\u00eda-Solano J, Luz\u00f3n C, Jim\u00e9nez-Arenas JM (2020) \u00abNew stratigraphically constrained paleoenvironmental reconstructions for the first human settlement in Western Europe: The Early Pleistocene herpetofaunal assemblages from Barranco Le\u00f3n and Fuente Nueva 3 (Granada, SE Spain)\u00bb. <em>Quaternary Science Reviews<\/em>, 243: 106466. <a href=\"https:\/\/doi.org\/10.1016\/j.quascirev.2020.106466\">https:\/\/doi.org\/10.1016\/j.quascirev.2020.106466<\/a><\/p>","protected":false},"excerpt":{"rendered":"<p>Publicaciones del equipo de investigaci\u00f3n Saarinen J, Fortelius M, Bocherens H, Oms O, Agust\u00ed J, Carri\u00f3n J, Ochando J, Blain H-A, DeMiguel D, Solano-Garc\u00eda Jose, Oksanen O, \u017dliobait\u0117 I, Tallavaara M, Yravedra J, Barsky D, Jim\u00e9nez-Arenas JM (2022) \u00abRevisiting the paleoenvironmental reconstruction of the Orce sites and the early Homo habitats in western Europe. A &hellip;<\/p>\n<p class=\"read-more\"> <a class=\"\" href=\"https:\/\/orceplusz.com\/en\/publicaciones\/\"> <span class=\"screen-reader-text\">Papers<\/span> Read More &raquo;<\/a><\/p>","protected":false},"author":1,"featured_media":0,"parent":0,"menu_order":0,"comment_status":"closed","ping_status":"closed","template":"","meta":{"site-sidebar-layout":"default","site-content-layout":"default","ast-global-header-display":"","ast-main-header-display":"","ast-hfb-above-header-display":"","ast-hfb-below-header-display":"","ast-hfb-mobile-header-display":"","site-post-title":"","ast-breadcrumbs-content":"","ast-featured-img":"","footer-sml-layout":"","theme-transparent-header-meta":"","adv-header-id-meta":"","stick-header-meta":"","header-above-stick-meta":"","header-main-stick-meta":"","header-below-stick-meta":"","footnotes":""},"class_list":["post-416","page","type-page","status-publish","hentry"],"_links":{"self":[{"href":"https:\/\/orceplusz.com\/en\/wp-json\/wp\/v2\/pages\/416","targetHints":{"allow":["GET"]}}],"collection":[{"href":"https:\/\/orceplusz.com\/en\/wp-json\/wp\/v2\/pages"}],"about":[{"href":"https:\/\/orceplusz.com\/en\/wp-json\/wp\/v2\/types\/page"}],"author":[{"embeddable":true,"href":"https:\/\/orceplusz.com\/en\/wp-json\/wp\/v2\/users\/1"}],"replies":[{"embeddable":true,"href":"https:\/\/orceplusz.com\/en\/wp-json\/wp\/v2\/comments?post=416"}],"version-history":[{"count":6,"href":"https:\/\/orceplusz.com\/en\/wp-json\/wp\/v2\/pages\/416\/revisions"}],"predecessor-version":[{"id":650,"href":"https:\/\/orceplusz.com\/en\/wp-json\/wp\/v2\/pages\/416\/revisions\/650"}],"wp:attachment":[{"href":"https:\/\/orceplusz.com\/en\/wp-json\/wp\/v2\/media?parent=416"}],"curies":[{"name":"wp","href":"https:\/\/api.w.org\/{rel}","templated":true}]}}